{"id":101,"date":"2015-04-21T16:19:14","date_gmt":"2015-04-21T14:19:14","guid":{"rendered":"http:\/\/www.highpressure.be\/wordpress\/?page_id=101"},"modified":"2025-03-02T16:16:27","modified_gmt":"2025-03-02T15:16:27","slug":"humidifications","status":"publish","type":"page","link":"https:\/\/www.highpressure.be\/?page_id=101&lang=fr","title":{"rendered":"Humidification"},"content":{"rendered":"<p><strong><script type=\"text\/javascript\">\r\ndocument.addEventListener(\"DOMContentLoaded\", function(event) { \r\n\tjQuery( '#slider-pro-3-341' ).sliderPro({\r\n\t\t\/\/width\r\n\t\t\t\twidth: \"100%\",\r\n\t\t\t\t\r\n\t\t\/\/height\r\n\t\t\t\theight: 500,\r\n\t\t\t\t\r\n\t\t\/\/auto play\r\n\t\t\t\tautoplay:  true,\r\n\t\tautoplayOnHover: 'none',\r\n\t\t\t\t\t\t\t\tautoplayDelay: 5000,\r\n\t\t\r\n\t\t\r\n\t\tarrows: true,\r\n\t\tbuttons: true,\r\n\t\tsmallSize: 500,\r\n\t\tmediumSize: 1000,\r\n\t\tlargeSize: 3000,\r\n\t\tfade: true,\r\n\t\t\r\n\t\t\/\/thumbnail\r\n\t\tthumbnailArrows: true,\r\n\t\tthumbnailWidth: 120,\r\n\t\tthumbnailHeight: 120,\r\n\t\t\t\t\t\t\t\tcenterImage: true,\r\n\t\timageScaleMode: 'cover',\r\n\t\tallowScaleUp: true,\r\n\t\t\t\tstartSlide: 0,\r\n\t\tloop: true,\r\n\t\tslideDistance: 5,\r\n\t\tautoplayDirection: 'normal',\r\n\t\ttouchSwipe: true,\r\n\t\tfullScreen: true,\r\n\t});\r\n});\r\n<\/script>\r\n\r\n<div id=\"uris-slider-title\">\r\n\t<h3 class=\"uris-slider-post-title\">DIAPO HUMIDITY<\/h3>\r\n<\/div>\r\n\t\t<div id=\"slider-pro-3-341\" class=\"slider-pro\">\r\n\t\t\t<!---- slides div start ---->\r\n\t\t\t<div class=\"sp-slides\">\r\n\t\t\t\t\t\t\t\t\t\t<div class=\"sp-slide\">\r\n\t\t\t\t\t\t\t<img decoding=\"async\" class=\"sp-image\" loading=\"lazy\" alt=\"Orakel bevochtiging humidification (5)\" src=\"https:\/\/www.highpressure.be\/wordpress\/wp-content\/plugins\/ultimate-responsive-image-slider\/assets\/css\/images\/blank.gif\" data-src=\"https:\/\/www.highpressure.be\/wordpress\/wp-content\/uploads\/2019\/09\/Orakel-bevochtiging-humidification-5.jpg\" \/>\r\n\r\n\t\t\t\t\t\t\t\r\n\t\t\t\t\t\t\t\t\t\t\t\t\t<\/div>\r\n\t\t\t\t\t\t\t\t\t\t\t\t<div class=\"sp-slide\">\r\n\t\t\t\t\t\t\t<img decoding=\"async\" class=\"sp-image\" loading=\"lazy\" alt=\"Orakel bevochtiging humidification (2)\" src=\"https:\/\/www.highpressure.be\/wordpress\/wp-content\/plugins\/ultimate-responsive-image-slider\/assets\/css\/images\/blank.gif\" data-src=\"https:\/\/www.highpressure.be\/wordpress\/wp-content\/uploads\/2019\/09\/Orakel-bevochtiging-humidification-2.jpg\" \/>\r\n\r\n\t\t\t\t\t\t\t\r\n\t\t\t\t\t\t\t\t\t\t\t\t\t<\/div>\r\n\t\t\t\t\t\t\t\t\t\t\t\t<div class=\"sp-slide\">\r\n\t\t\t\t\t\t\t<img decoding=\"async\" class=\"sp-image\" loading=\"lazy\" alt=\"Brialmont champignon\" src=\"https:\/\/www.highpressure.be\/wordpress\/wp-content\/plugins\/ultimate-responsive-image-slider\/assets\/css\/images\/blank.gif\" data-src=\"https:\/\/www.highpressure.be\/wordpress\/wp-content\/uploads\/2019\/09\/Brialmont-champignon.jpg\" \/>\r\n\r\n\t\t\t\t\t\t\t\r\n\t\t\t\t\t\t\t\t\t\t\t\t\t<\/div>\r\n\t\t\t\t\t\t\t\t\t\t\t\t<div class=\"sp-slide\">\r\n\t\t\t\t\t\t\t<img decoding=\"async\" class=\"sp-image\" loading=\"lazy\" alt=\"Rossel verneveling brumisation\" src=\"https:\/\/www.highpressure.be\/wordpress\/wp-content\/plugins\/ultimate-responsive-image-slider\/assets\/css\/images\/blank.gif\" data-src=\"https:\/\/www.highpressure.be\/wordpress\/wp-content\/uploads\/2018\/12\/Rossel-verneveling-brumisation.jpg\" \/>\r\n\r\n\t\t\t\t\t\t\t\r\n\t\t\t\t\t\t\t\t\t\t\t\t\t<\/div>\r\n\t\t\t\t\t\t\t\t\t\t\t\t<div class=\"sp-slide\">\r\n\t\t\t\t\t\t\t<img decoding=\"async\" class=\"sp-image\" loading=\"lazy\" alt=\"super bio 122 -2-\" src=\"https:\/\/www.highpressure.be\/wordpress\/wp-content\/plugins\/ultimate-responsive-image-slider\/assets\/css\/images\/blank.gif\" data-src=\"https:\/\/www.highpressure.be\/wordpress\/wp-content\/uploads\/2017\/06\/super-bio-122-2-.jpg\" \/>\r\n\r\n\t\t\t\t\t\t\t\r\n\t\t\t\t\t\t\t\t\t\t\t\t\t<\/div>\r\n\t\t\t\t\t\t\t\t\t\t\t\t<div class=\"sp-slide\">\r\n\t\t\t\t\t\t\t<img decoding=\"async\" class=\"sp-image\" loading=\"lazy\" alt=\"Champignon_Bruxelles\" src=\"https:\/\/www.highpressure.be\/wordpress\/wp-content\/plugins\/ultimate-responsive-image-slider\/assets\/css\/images\/blank.gif\" data-src=\"https:\/\/www.highpressure.be\/wordpress\/wp-content\/uploads\/2016\/12\/2016-12-15-11.02.32.jpg\" \/>\r\n\r\n\t\t\t\t\t\t\t\r\n\t\t\t\t\t\t\t\t\t\t\t\t\t<\/div>\r\n\t\t\t\t\t\t\t\t\t\t\t\t<div class=\"sp-slide\">\r\n\t\t\t\t\t\t\t<img decoding=\"async\" class=\"sp-image\" loading=\"lazy\" alt=\"permafungi\" src=\"https:\/\/www.highpressure.be\/wordpress\/wp-content\/plugins\/ultimate-responsive-image-slider\/assets\/css\/images\/blank.gif\" data-src=\"https:\/\/www.highpressure.be\/wordpress\/wp-content\/uploads\/2016\/12\/Permafungi.png\" \/>\r\n\r\n\t\t\t\t\t\t\t\r\n\t\t\t\t\t\t\t\t\t\t\t\t\t<\/div>\r\n\t\t\t\t\t\t\t\t\t\t\t\t<div class=\"sp-slide\">\r\n\t\t\t\t\t\t\t<img decoding=\"async\" class=\"sp-image\" loading=\"lazy\" alt=\"2016-11-18-12-54-07\" src=\"https:\/\/www.highpressure.be\/wordpress\/wp-content\/plugins\/ultimate-responsive-image-slider\/assets\/css\/images\/blank.gif\" data-src=\"https:\/\/www.highpressure.be\/wordpress\/wp-content\/uploads\/2016\/11\/2016-11-18-12.54.07.jpg\" \/>\r\n\r\n\t\t\t\t\t\t\t\r\n\t\t\t\t\t\t\t\t\t\t\t\t\t<\/div>\r\n\t\t\t\t\t\t\t\t\t\t\t\t<div class=\"sp-slide\">\r\n\t\t\t\t\t\t\t<img decoding=\"async\" class=\"sp-image\" loading=\"lazy\" alt=\"IMG_4254\" src=\"https:\/\/www.highpressure.be\/wordpress\/wp-content\/plugins\/ultimate-responsive-image-slider\/assets\/css\/images\/blank.gif\" data-src=\"https:\/\/www.highpressure.be\/wordpress\/wp-content\/uploads\/2016\/06\/IMG_4254.jpg\" \/>\r\n\r\n\t\t\t\t\t\t\t\r\n\t\t\t\t\t\t\t\t\t\t\t\t\t<\/div>\r\n\t\t\t\t\t\t\t\t\t\t\t\t<div class=\"sp-slide\">\r\n\t\t\t\t\t\t\t<img decoding=\"async\" class=\"sp-image\" loading=\"lazy\" alt=\"2016-06-07 10.56.19\" src=\"https:\/\/www.highpressure.be\/wordpress\/wp-content\/plugins\/ultimate-responsive-image-slider\/assets\/css\/images\/blank.gif\" data-src=\"https:\/\/www.highpressure.be\/wordpress\/wp-content\/uploads\/2016\/06\/2016-06-07-10.56.19-1.jpg\" \/>\r\n\r\n\t\t\t\t\t\t\t\r\n\t\t\t\t\t\t\t\t\t\t\t\t\t<\/div>\r\n\t\t\t\t\t\t\t\t\t\t\t\t<div class=\"sp-slide\">\r\n\t\t\t\t\t\t\t<img decoding=\"async\" class=\"sp-image\" loading=\"lazy\" alt=\"yerres-5-e1429864160964\" src=\"https:\/\/www.highpressure.be\/wordpress\/wp-content\/plugins\/ultimate-responsive-image-slider\/assets\/css\/images\/blank.gif\" data-src=\"https:\/\/www.highpressure.be\/wordpress\/wp-content\/uploads\/2015\/08\/yerres-5-e1429864160964.jpg\" \/>\r\n\r\n\t\t\t\t\t\t\t\r\n\t\t\t\t\t\t\t\t\t\t\t\t\t<\/div>\r\n\t\t\t\t\t\t\t\t\t\t\t\t<div class=\"sp-slide\">\r\n\t\t\t\t\t\t\t<img decoding=\"async\" class=\"sp-image\" loading=\"lazy\" alt=\"serre-e1429865188444 copie\" src=\"https:\/\/www.highpressure.be\/wordpress\/wp-content\/plugins\/ultimate-responsive-image-slider\/assets\/css\/images\/blank.gif\" data-src=\"https:\/\/www.highpressure.be\/wordpress\/wp-content\/uploads\/2015\/08\/serre-e1429865188444-copie.png\" \/>\r\n\r\n\t\t\t\t\t\t\t\r\n\t\t\t\t\t\t\t\t\t\t\t\t\t<\/div>\r\n\t\t\t\t\t\t\t\t\t\t\t\t<div class=\"sp-slide\">\r\n\t\t\t\t\t\t\t<img decoding=\"async\" class=\"sp-image\" loading=\"lazy\" alt=\"mennecy (4)\" src=\"https:\/\/www.highpressure.be\/wordpress\/wp-content\/plugins\/ultimate-responsive-image-slider\/assets\/css\/images\/blank.gif\" data-src=\"https:\/\/www.highpressure.be\/wordpress\/wp-content\/uploads\/2015\/08\/mennecy-4.jpg\" \/>\r\n\r\n\t\t\t\t\t\t\t\r\n\t\t\t\t\t\t\t\t\t\t\t\t\t<\/div>\r\n\t\t\t\t\t\t\t\t\t\t\t\t<div class=\"sp-slide\">\r\n\t\t\t\t\t\t\t<img decoding=\"async\" class=\"sp-image\" loading=\"lazy\" alt=\"gisors4\" src=\"https:\/\/www.highpressure.be\/wordpress\/wp-content\/plugins\/ultimate-responsive-image-slider\/assets\/css\/images\/blank.gif\" data-src=\"https:\/\/www.highpressure.be\/wordpress\/wp-content\/uploads\/2015\/08\/gisors4.jpg\" \/>\r\n\r\n\t\t\t\t\t\t\t\r\n\t\t\t\t\t\t\t\t\t\t\t\t\t<\/div>\r\n\t\t\t\t\t\t\t\t\t\t\t\t<div class=\"sp-slide\">\r\n\t\t\t\t\t\t\t<img decoding=\"async\" class=\"sp-image\" loading=\"lazy\" alt=\"Capture-d\u2019\u00e9cran-2015-04-02-\u00e0-16.42.40-e1429797117530\" src=\"https:\/\/www.highpressure.be\/wordpress\/wp-content\/plugins\/ultimate-responsive-image-slider\/assets\/css\/images\/blank.gif\" data-src=\"https:\/\/www.highpressure.be\/wordpress\/wp-content\/uploads\/2015\/08\/Capture-d\u2019\u00e9cran-2015-04-02-\u00e0-16.42.40-e1429797117530.png\" \/>\r\n\r\n\t\t\t\t\t\t\t\r\n\t\t\t\t\t\t\t\t\t\t\t\t\t<\/div>\r\n\t\t\t\t\t\t\t\t\t\t\t\t<div class=\"sp-slide\">\r\n\t\t\t\t\t\t\t<img decoding=\"async\" class=\"sp-image\" loading=\"lazy\" alt=\"aubevoye2 (2)\" src=\"https:\/\/www.highpressure.be\/wordpress\/wp-content\/plugins\/ultimate-responsive-image-slider\/assets\/css\/images\/blank.gif\" data-src=\"https:\/\/www.highpressure.be\/wordpress\/wp-content\/uploads\/2015\/04\/aubevoye2-2-e1429864322388.jpg\" \/>\r\n\r\n\t\t\t\t\t\t\t\r\n\t\t\t\t\t\t\t\t\t\t\t\t\t<\/div>\r\n\t\t\t\t\t\t\t\t\t\t\t\t<div class=\"sp-slide\">\r\n\t\t\t\t\t\t\t<img decoding=\"async\" class=\"sp-image\" loading=\"lazy\" alt=\"TONER DE PRESSE 2\" src=\"https:\/\/www.highpressure.be\/wordpress\/wp-content\/plugins\/ultimate-responsive-image-slider\/assets\/css\/images\/blank.gif\" data-src=\"https:\/\/www.highpressure.be\/wordpress\/wp-content\/uploads\/2022\/02\/TONER-DE-PRESSE-2-scaled.jpg\" \/>\r\n\r\n\t\t\t\t\t\t\t\r\n\t\t\t\t\t\t\t\t\t\t\t\t\t<\/div>\r\n\t\t\t\t\t\t\t\t\t<\/div>\r\n\t\t\t\r\n\t\t\t<!---- slides div end ---->\r\n\t\t\t\t\t\t<!-- slides thumbnails div start -->\r\n\t\t\t<div class=\"sp-thumbnails\">\r\n\t\t\t\t\t\t\t\t\t\t<img decoding=\"async\" class=\"sp-thumbnail\" loading=\"lazy\" src=\"https:\/\/www.highpressure.be\/wordpress\/wp-content\/plugins\/ultimate-responsive-image-slider\/assets\/img\/loading.gif\" data-src=\"https:\/\/www.highpressure.be\/wordpress\/wp-content\/uploads\/2019\/09\/Orakel-bevochtiging-humidification-5-300x146.jpg\" alt=\"Orakel bevochtiging humidification (5)\"\/>\r\n\t\t\t\t\t\t\t\t\t\t\t<img decoding=\"async\" class=\"sp-thumbnail\" loading=\"lazy\" src=\"https:\/\/www.highpressure.be\/wordpress\/wp-content\/plugins\/ultimate-responsive-image-slider\/assets\/img\/loading.gif\" data-src=\"https:\/\/www.highpressure.be\/wordpress\/wp-content\/uploads\/2019\/09\/Orakel-bevochtiging-humidification-2-300x146.jpg\" alt=\"Orakel bevochtiging humidification (2)\"\/>\r\n\t\t\t\t\t\t\t\t\t\t\t<img decoding=\"async\" class=\"sp-thumbnail\" loading=\"lazy\" src=\"https:\/\/www.highpressure.be\/wordpress\/wp-content\/plugins\/ultimate-responsive-image-slider\/assets\/img\/loading.gif\" data-src=\"https:\/\/www.highpressure.be\/wordpress\/wp-content\/uploads\/2019\/09\/Brialmont-champignon-300x146.jpg\" alt=\"Brialmont champignon\"\/>\r\n\t\t\t\t\t\t\t\t\t\t\t<img decoding=\"async\" class=\"sp-thumbnail\" loading=\"lazy\" src=\"https:\/\/www.highpressure.be\/wordpress\/wp-content\/plugins\/ultimate-responsive-image-slider\/assets\/img\/loading.gif\" data-src=\"https:\/\/www.highpressure.be\/wordpress\/wp-content\/uploads\/2018\/12\/Rossel-verneveling-brumisation-300x203.jpg\" alt=\"Rossel verneveling brumisation\"\/>\r\n\t\t\t\t\t\t\t\t\t\t\t<img decoding=\"async\" class=\"sp-thumbnail\" loading=\"lazy\" src=\"https:\/\/www.highpressure.be\/wordpress\/wp-content\/plugins\/ultimate-responsive-image-slider\/assets\/img\/loading.gif\" data-src=\"https:\/\/www.highpressure.be\/wordpress\/wp-content\/uploads\/2017\/06\/super-bio-122-2--300x225.jpg\" alt=\"super bio 122 -2-\"\/>\r\n\t\t\t\t\t\t\t\t\t\t\t<img decoding=\"async\" class=\"sp-thumbnail\" loading=\"lazy\" src=\"https:\/\/www.highpressure.be\/wordpress\/wp-content\/plugins\/ultimate-responsive-image-slider\/assets\/img\/loading.gif\" data-src=\"https:\/\/www.highpressure.be\/wordpress\/wp-content\/uploads\/2016\/12\/2016-12-15-11.02.32-300x225.jpg\" alt=\"Champignon_Bruxelles\"\/>\r\n\t\t\t\t\t\t\t\t\t\t\t<img decoding=\"async\" class=\"sp-thumbnail\" loading=\"lazy\" src=\"https:\/\/www.highpressure.be\/wordpress\/wp-content\/plugins\/ultimate-responsive-image-slider\/assets\/img\/loading.gif\" data-src=\"https:\/\/www.highpressure.be\/wordpress\/wp-content\/uploads\/2016\/12\/Permafungi-300x200.png\" alt=\"permafungi\"\/>\r\n\t\t\t\t\t\t\t\t\t\t\t<img decoding=\"async\" class=\"sp-thumbnail\" loading=\"lazy\" src=\"https:\/\/www.highpressure.be\/wordpress\/wp-content\/plugins\/ultimate-responsive-image-slider\/assets\/img\/loading.gif\" data-src=\"https:\/\/www.highpressure.be\/wordpress\/wp-content\/uploads\/2016\/11\/2016-11-18-12.54.07-300x225.jpg\" alt=\"2016-11-18-12-54-07\"\/>\r\n\t\t\t\t\t\t\t\t\t\t\t<img decoding=\"async\" class=\"sp-thumbnail\" loading=\"lazy\" src=\"https:\/\/www.highpressure.be\/wordpress\/wp-content\/plugins\/ultimate-responsive-image-slider\/assets\/img\/loading.gif\" data-src=\"https:\/\/www.highpressure.be\/wordpress\/wp-content\/uploads\/2016\/06\/IMG_4254-300x225.jpg\" alt=\"IMG_4254\"\/>\r\n\t\t\t\t\t\t\t\t\t\t\t<img decoding=\"async\" class=\"sp-thumbnail\" loading=\"lazy\" src=\"https:\/\/www.highpressure.be\/wordpress\/wp-content\/plugins\/ultimate-responsive-image-slider\/assets\/img\/loading.gif\" data-src=\"https:\/\/www.highpressure.be\/wordpress\/wp-content\/uploads\/2016\/06\/2016-06-07-10.56.19-1-300x225.jpg\" alt=\"2016-06-07 10.56.19\"\/>\r\n\t\t\t\t\t\t\t\t\t\t\t<img decoding=\"async\" class=\"sp-thumbnail\" loading=\"lazy\" src=\"https:\/\/www.highpressure.be\/wordpress\/wp-content\/plugins\/ultimate-responsive-image-slider\/assets\/img\/loading.gif\" data-src=\"https:\/\/www.highpressure.be\/wordpress\/wp-content\/uploads\/2015\/08\/yerres-5-e1429864160964-300x185.jpg\" alt=\"yerres-5-e1429864160964\"\/>\r\n\t\t\t\t\t\t\t\t\t\t\t<img decoding=\"async\" class=\"sp-thumbnail\" loading=\"lazy\" src=\"https:\/\/www.highpressure.be\/wordpress\/wp-content\/plugins\/ultimate-responsive-image-slider\/assets\/img\/loading.gif\" data-src=\"https:\/\/www.highpressure.be\/wordpress\/wp-content\/uploads\/2015\/08\/serre-e1429865188444-copie-300x185.png\" alt=\"serre-e1429865188444 copie\"\/>\r\n\t\t\t\t\t\t\t\t\t\t\t<img decoding=\"async\" class=\"sp-thumbnail\" loading=\"lazy\" src=\"https:\/\/www.highpressure.be\/wordpress\/wp-content\/plugins\/ultimate-responsive-image-slider\/assets\/img\/loading.gif\" data-src=\"https:\/\/www.highpressure.be\/wordpress\/wp-content\/uploads\/2015\/08\/mennecy-4-300x185.jpg\" alt=\"mennecy (4)\"\/>\r\n\t\t\t\t\t\t\t\t\t\t\t<img decoding=\"async\" class=\"sp-thumbnail\" loading=\"lazy\" src=\"https:\/\/www.highpressure.be\/wordpress\/wp-content\/plugins\/ultimate-responsive-image-slider\/assets\/img\/loading.gif\" data-src=\"https:\/\/www.highpressure.be\/wordpress\/wp-content\/uploads\/2015\/08\/gisors4-300x185.jpg\" alt=\"gisors4\"\/>\r\n\t\t\t\t\t\t\t\t\t\t\t<img decoding=\"async\" class=\"sp-thumbnail\" loading=\"lazy\" src=\"https:\/\/www.highpressure.be\/wordpress\/wp-content\/plugins\/ultimate-responsive-image-slider\/assets\/img\/loading.gif\" data-src=\"https:\/\/www.highpressure.be\/wordpress\/wp-content\/uploads\/2015\/08\/Capture-d\u2019\u00e9cran-2015-04-02-\u00e0-16.42.40-e1429797117530-300x185.png\" alt=\"Capture-d\u2019\u00e9cran-2015-04-02-\u00e0-16.42.40-e1429797117530\"\/>\r\n\t\t\t\t\t\t\t\t\t\t\t<img decoding=\"async\" class=\"sp-thumbnail\" loading=\"lazy\" src=\"https:\/\/www.highpressure.be\/wordpress\/wp-content\/plugins\/ultimate-responsive-image-slider\/assets\/img\/loading.gif\" data-src=\"https:\/\/www.highpressure.be\/wordpress\/wp-content\/uploads\/2015\/04\/aubevoye2-2-e1429864322388-300x150.jpg\" alt=\"aubevoye2 (2)\"\/>\r\n\t\t\t\t\t\t\t\t\t\t\t<img decoding=\"async\" class=\"sp-thumbnail\" loading=\"lazy\" src=\"https:\/\/www.highpressure.be\/wordpress\/wp-content\/plugins\/ultimate-responsive-image-slider\/assets\/img\/loading.gif\" data-src=\"https:\/\/www.highpressure.be\/wordpress\/wp-content\/uploads\/2022\/02\/TONER-DE-PRESSE-2-300x146.jpg\" alt=\"TONER DE PRESSE 2\"\/>\r\n\t\t\t\t\t\t\t\t<\/div>\r\n\t\t\t\t\t\t<!-- slides thumbnails div end -->\r\n\t\t<\/div>\r\n\t\t<style>\r\n\/* Layout 3 *\/\r\n\/* border *\/\r\n#slider-pro-3-341 .sp-selected-thumbnail {\r\n\tborder: 4px solid #000000;\r\n}\r\n\r\n\/* font + color *\/\r\n.title-in  {\r\n\tfont-family: Arial !important;\r\n\tcolor: #FFFFFF !important;\r\n\tbackground-color: #000000 !important;\r\n\topacity: 0.7 !important;\r\n}\r\n.desc-in  {\r\n\tfont-family: Arial !important;\r\n\tcolor: #FFFFFF !important;\r\n\tbackground-color: #00000 !important;\r\n\topacity: 0.7 !important;\r\n}\r\n\r\n\/* bullets color *\/\r\n.sp-button  {\r\n\tborder: 2px solid #000000 !important;\r\n}\r\n.sp-selected-button  {\r\n\tbackground-color: #000000 !important;\r\n}\r\n\r\n\/* pointer color - bottom *\/\r\n\r\n\/* pointer color - top *\/\r\n\r\n\/* full screen icon *\/\r\n.sp-full-screen-button::before {\r\n    color: #FFFFFF !important;\r\n}\r\n\r\n\/* hover navigation icon color *\/\r\n.sp-next-arrow::after, .sp-next-arrow::before {\r\n\tbackground-color: #FFFFFF !important;\r\n}\r\n.sp-previous-arrow::after, .sp-previous-arrow::before {\r\n\tbackground-color: #FFFFFF !important;\r\n}\r\n\r\n#slider-pro-3-341 .title-in {\r\n\tcolor: #FFFFFF !important;\r\n\tfont-weight: bolder;\r\n\ttext-align: center;\r\n}\r\n\r\n#slider-pro-3-341 .title-in-bg {\r\n\tbackground: rgba(255, 255, 255, 0.7); !important;\r\n\twhite-space: unset !important;\r\n\ttransform: initial !important;\r\n\t-webkit-transform: initial !important;\r\n\tfont-size: 14px !important;\r\n}\r\n\r\n#slider-pro-3-341 .desc-in {\r\n\tcolor: #FFFFFF !important;\r\n\ttext-align: center;\r\n}\r\n#slider-pro-3-341 .desc-in-bg {\r\n\tbackground: rgba(#00000, 0.7) !important;\r\n\twhite-space: unset !important;\r\n\ttransform: initial !important;\r\n\t-webkit-transform: initial !important;\r\n\tfont-size: 13px !important;\r\n}\r\n\r\n@media (max-width: 640px) {\r\n\t#slider-pro-3-341 .hide-small-screen {\r\n\t\tdisplay: none;\r\n\t}\r\n}\r\n\r\n@media (max-width: 860px) {\r\n\t#slider-pro-3-341 .sp-layer {\r\n\t\tfont-size: 18px;\r\n\t}\r\n\t\r\n\t#slider-pro-3-341 .hide-medium-screen {\r\n\t\tdisplay: none;\r\n\t}\r\n}\r\n.slides-not-found {\r\n\tbackground-color: #a92929;\r\n\tborder-radius: 5px;\r\n\tcolor: #fff;\r\n\tfont-family: initial;\r\n\ttext-align: center;\r\n\tpadding:12px;\r\n}\r\n\/* Custom CSS *\/\r\n<\/style>\r\n<\/strong><\/p>\n<h2><strong>Humidification<\/strong><\/h2>\n<p style=\"text-align: justify;\">La brumisation permet de maintenir la temp\u00e9rature agr\u00e9able mais aussi de contr\u00f4ler le taux d\u2019humidit\u00e9 relative.<\/p>\n<p style=\"text-align: justify;\">Dans certains secteurs industriels de production ou de conservation, le maintien du taux d&rsquo;humidit\u00e9 est un facteur essentiel pour la finalisation du process.<\/p>\n<p style=\"text-align: justify;\">Le secteur alimentaire voit aussi de nombreuses applications de la Brumisation Haute Pression; le maintien de la fra\u00eecheur et les apports d&rsquo;humidit\u00e9 contr\u00f4l\u00e9s \u00e9vitent les d\u00e9t\u00e9riorations rapides des produits frais dues au s\u00e9chage sur les rayons de fruits et l\u00e9gumes, les \u00e9tals de poissonneries et de boucheries.<\/p>\n<hr>\n<p><span style=\"color: #3366ff;\">Applications&nbsp;:<\/span><\/p>\n<ul>\n<li><span style=\"color: #3366ff;\">Le domaine du HVAC<\/span><\/li>\n<li><span style=\"color: #3366ff;\">Applications horticulture<\/span><\/li>\n<li><span style=\"color: #3366ff;\">Process industriels<\/span><\/li>\n<li><span style=\"color: #3366ff;\">Etalage l\u00e9gume ou poisson<\/span><\/li>\n<li><span style=\"color: #3366ff;\">Applications fili\u00e8re bois<\/span><\/li>\n<li><span style=\"color: #3366ff;\">Applications production tuili\u00e8re<\/span><\/li>\n<li><span style=\"color: #3366ff;\">Fromagerie<\/span><\/li>\n<li><span style=\"color: #3366ff;\">Stockage du tabac<\/span><\/li>\n<li><span style=\"color: #3366ff;\">Humidification des serres<\/span><\/li>\n<\/ul>\n<h2 style=\"text-align: justify;\">&nbsp;R\u00e9f\u00e9rences<\/h2>\n<h2>[logooos_saved id=\u00a0\u00bb821&Prime;]<\/h2>\n","protected":false},"excerpt":{"rendered":"<p>Humidification La brumisation permet de maintenir la temp\u00e9rature agr\u00e9able mais aussi de contr\u00f4ler le taux d\u2019humidit\u00e9 relative. Dans certains secteurs industriels de production ou de &hellip;<\/p>\n","protected":false},"author":1,"featured_media":1030,"parent":0,"menu_order":0,"comment_status":"closed","ping_status":"closed","template":"","meta":{"footnotes":""},"class_list":["post-101","page","type-page","status-publish","has-post-thumbnail","hentry"],"_links":{"self":[{"href":"https:\/\/www.highpressure.be\/index.php?rest_route=\/wp\/v2\/pages\/101","targetHints":{"allow":["GET"]}}],"collection":[{"href":"https:\/\/www.highpressure.be\/index.php?rest_route=\/wp\/v2\/pages"}],"about":[{"href":"https:\/\/www.highpressure.be\/index.php?rest_route=\/wp\/v2\/types\/page"}],"author":[{"embeddable":true,"href":"https:\/\/www.highpressure.be\/index.php?rest_route=\/wp\/v2\/users\/1"}],"replies":[{"embeddable":true,"href":"https:\/\/www.highpressure.be\/index.php?rest_route=%2Fwp%2Fv2%2Fcomments&post=101"}],"version-history":[{"count":8,"href":"https:\/\/www.highpressure.be\/index.php?rest_route=\/wp\/v2\/pages\/101\/revisions"}],"predecessor-version":[{"id":1197,"href":"https:\/\/www.highpressure.be\/index.php?rest_route=\/wp\/v2\/pages\/101\/revisions\/1197"}],"wp:featuredmedia":[{"embeddable":true,"href":"https:\/\/www.highpressure.be\/index.php?rest_route=\/wp\/v2\/media\/1030"}],"wp:attachment":[{"href":"https:\/\/www.highpressure.be\/index.php?rest_route=%2Fwp%2Fv2%2Fmedia&parent=101"}],"curies":[{"name":"wp","href":"https:\/\/api.w.org\/{rel}","templated":true}]}}