{"id":55,"date":"2015-04-21T15:01:44","date_gmt":"2015-04-21T13:01:44","guid":{"rendered":"http:\/\/www.highpressure.be\/wordpress\/?page_id=55"},"modified":"2025-03-02T17:41:55","modified_gmt":"2025-03-02T16:41:55","slug":"accueil","status":"publish","type":"page","link":"https:\/\/www.highpressure.be\/?page_id=55&lang=fr","title":{"rendered":"Accueil"},"content":{"rendered":"<div id=\"pl-55\"  class=\"panel-layout\" ><div id=\"pg-55-0\"  class=\"panel-grid panel-no-style\" ><div id=\"pgc-55-0-0\"  class=\"panel-grid-cell\" ><div id=\"panel-55-0-0-0\" class=\"so-panel widget widget_text panel-first-child panel-last-child\" data-index=\"0\" ><h3 class=\"widget-title\">La brumisation haute pression<\/h3>\t\t\t<div class=\"textwidget\">La Brumisation Haute Pression \u00e0 au moins 70 bars permet de diffuser dans l'air un liquide sous forme de micro-gouttelettes qui s'\u00e9vapore instantan\u00e9ment sans mouiller.\n\nSous une pression de 70 bars, les gouttelettes sont trop grosses, s\u2019\u00e9vaporent mal et mouille l\u2019espace brumis\u00e9.\n\nLes diff\u00e9rents syst\u00e8mes de brumisation \"High Pressure\" offrent des solutions \u00e9conomiques et \u00e9cologiques.\n\nToutes nos machines sont \u00e9quip\u00e9es d'une t\u00e9l\u00e9commande et peuvent, en option, \u00eatre pilot\u00e9es \u00e0 partir d\u2019un smartphone, d\u2019une tablette ou d\u2019un pc.\n\nSolutions de brumisation Ready Industry 4.0.\n\nNous fabriquons.  Nous installons\n<\/div>\n\t\t<\/div><\/div><div id=\"pgc-55-0-1\"  class=\"panel-grid-cell\" ><div id=\"panel-55-0-1-0\" class=\"so-panel widget widget_cyclone-slider-widget panel-first-child panel-last-child\" data-index=\"1\" ><div tabindex=\"0\" class=\"cycloneslider cycloneslider-template-standard cycloneslider-width-responsive\" id=\"cycloneslider-accueil-1\" style=\"max-width:648px\" > <div class=\"cycloneslider-slides cycle-slideshow\" data-cycle-allow-wrap=\"true\" data-cycle-dynamic-height=\"off\" data-cycle-auto-height=\"648:400\" data-cycle-auto-height-easing=\"null\" data-cycle-auto-height-speed=\"250\" data-cycle-delay=\"0\" data-cycle-easing=\"\" data-cycle-fx=\"fade\" data-cycle-hide-non-active=\"true\" data-cycle-log=\"false\" data-cycle-next=\"#cycloneslider-accueil-1 .cycloneslider-next\" data-cycle-pager=\"#cycloneslider-accueil-1 .cycloneslider-pager\" data-cycle-pause-on-hover=\"true\" data-cycle-prev=\"#cycloneslider-accueil-1 .cycloneslider-prev\" data-cycle-slides=\"&gt; div\" data-cycle-speed=\"1000\" data-cycle-swipe=\"1\" data-cycle-tile-count=\"7\" data-cycle-tile-delay=\"100\" data-cycle-tile-vertical=\"true\" data-cycle-timeout=\"4000\" > <div class=\"cycloneslider-slide cycloneslider-slide-image\" > <img decoding=\"async\" src=\"https:\/\/www.highpressure.be\/wordpress\/wp-content\/uploads\/2015\/08\/P1030555-copie.jpg\" alt=\"\" title=\"\" \/> <\/div> <div class=\"cycloneslider-slide cycloneslider-slide-image\" > <img decoding=\"async\" src=\"https:\/\/www.highpressure.be\/wordpress\/wp-content\/uploads\/2015\/09\/DF-7500_2-648x400.png\" alt=\"\" title=\"\" \/> <\/div> <div class=\"cycloneslider-slide cycloneslider-slide-image\" > <img decoding=\"async\" src=\"https:\/\/www.highpressure.be\/wordpress\/wp-content\/uploads\/2015\/08\/application-climext-brumisateur-brumisation-00009.jpg\" alt=\"\" title=\"\" \/> <\/div> <div class=\"cycloneslider-slide cycloneslider-slide-image\" > <img decoding=\"async\" src=\"https:\/\/www.highpressure.be\/wordpress\/wp-content\/uploads\/2015\/08\/bep-camion.jpg\" alt=\"\" title=\"\" \/> <\/div> <div class=\"cycloneslider-slide cycloneslider-slide-image\" > <img decoding=\"async\" src=\"https:\/\/www.highpressure.be\/wordpress\/wp-content\/uploads\/2015\/08\/mennecy-4.jpg\" alt=\"\" title=\"\" \/> <\/div> <div class=\"cycloneslider-slide cycloneslider-slide-image\" > <img decoding=\"async\" src=\"https:\/\/www.highpressure.be\/wordpress\/wp-content\/uploads\/2015\/08\/bep2.jpg\" alt=\"\" title=\"\" \/> <\/div> <div class=\"cycloneslider-slide cycloneslider-slide-image\" > <img decoding=\"async\" src=\"https:\/\/www.highpressure.be\/wordpress\/wp-content\/uploads\/2015\/08\/application-climext-brumisateur-brumisation-00007.jpg\" alt=\"\" title=\"\" \/> <\/div> <div class=\"cycloneslider-slide cycloneslider-slide-image\" > <img decoding=\"async\" src=\"https:\/\/www.highpressure.be\/wordpress\/wp-content\/uploads\/2015\/09\/DF-7500-3-648x400.png\" alt=\"\" title=\"\" \/> <\/div> <\/div> <div class=\"cycloneslider-pager\"><\/div> <a href=\"#\" class=\"cycloneslider-prev\"> <span class=\"arrow\"><\/span> <\/a> <a href=\"#\" class=\"cycloneslider-next\"> <span class=\"arrow\"><\/span> <\/a> <\/div><\/div><\/div><\/div><div id=\"pg-55-1\"  class=\"panel-grid panel-no-style\" ><div id=\"pgc-55-1-0\"  class=\"panel-grid-cell\" ><div id=\"panel-55-1-0-0\" class=\"so-panel widget widget_text panel-first-child panel-last-child\" data-index=\"2\" ><div class=\"panel-widget-style panel-widget-style-for-55-1-0-0\" ><h3 class=\"widget-title\">Solution pour la chaleur<\/h3>\t\t\t<div class=\"textwidget\">La brumisation est bas\u00e9 sur le refroidissement \u00e9vaporatif.  La brumisation offre des solutions pour rafraichir des espaces ouverts. Nombres applications pour l\u2019industrie, l\u2019horeca, les parcs de loisir.  La brumisation fonctionne l\u00e0 o\u00f9 la climatisation de fonctionne pas ! <a href=\"http:\/\/www.highpressure.be\/?page_id=92&lang=fr\">...read more ...<\/a><\/div>\n\t\t<\/div><\/div><\/div><div id=\"pgc-55-1-1\"  class=\"panel-grid-cell\" ><div id=\"panel-55-1-1-0\" class=\"so-panel widget widget_text panel-first-child panel-last-child\" data-index=\"3\" ><div class=\"panel-widget-style panel-widget-style-for-55-1-1-0\" ><h3 class=\"widget-title\">Solution abattage de poussi\u00e8res<\/h3>\t\t\t<div class=\"textwidget\">Probl\u00e8mes de sant\u00e9 des travailleurs, de riverains ou de voisinage ... La brumisation alourdit et abat la poussi\u00e8re. Nombreuses applications dans l\u2019industie et les fili\u00e8res de recyclage et la d\u00e9molition. <a href=\"http:\/\/www.highpressure.be\/?page_id=95&lang=fr\">...read more ...<\/a><\/div>\n\t\t<\/div><\/div><\/div><div id=\"pgc-55-1-2\"  class=\"panel-grid-cell\" ><div id=\"panel-55-1-2-0\" class=\"so-panel widget widget_text panel-first-child panel-last-child\" data-index=\"4\" ><div class=\"panel-widget-style panel-widget-style-for-55-1-2-0\" ><h3 class=\"widget-title\">Lutte incendie<\/h3>\t\t\t<div class=\"textwidget\">Le brouillard haute pression permet de contenir et d'\u00e9touffer un incendie. Il absorbe de rayonnement du feu, lave les fum\u00e9es et \u00e9limine les risques d'explosion par les \u00e9manations de gaz. <a href=\"http:\/\/www.highpressure.be\/?page_id=645&lang=fr\">...read more ...<\/a><\/div>\n\t\t<\/div><\/div><\/div><\/div><div id=\"pg-55-2\"  class=\"panel-grid panel-no-style\" ><div id=\"pgc-55-2-0\"  class=\"panel-grid-cell\" ><div id=\"panel-55-2-0-0\" class=\"so-panel widget widget_text panel-first-child panel-last-child\" data-index=\"5\" ><div class=\"panel-widget-style panel-widget-style-for-55-2-0-0\" ><h3 class=\"widget-title\">Besoin d\u2019humidifier<\/h3>\t\t\t<div class=\"textwidget\">La brumisation permet de r\u00e9hydratrer un air trop sec. Un hygrostat peut \u00e9galement piloter l\u2019installation. Nombreux applications pour l\u2019hvac et l\u2019industrie. <a href=\"http:\/\/www.highpressure.be\/?page_id=101&lang=fr\">...read more ...<\/a><\/div>\n\t\t<\/div><\/div><\/div><div id=\"pgc-55-2-1\"  class=\"panel-grid-cell\" ><div id=\"panel-55-2-1-0\" class=\"so-panel widget widget_text panel-first-child panel-last-child\" data-index=\"6\" ><div class=\"panel-widget-style panel-widget-style-for-55-2-1-0\" ><h3 class=\"widget-title\">Probl\u00e8mes d\u2019odeur<\/h3>\t\t\t<div class=\"textwidget\">L\u2019a\u00e9ro-dispersion cr\u00e9\u00e9 gr\u00e2ce une unit\u00e9 de brumisation CLIMEXT\u00ae permet des traitements de d\u00e9sinfection et des traitements d\u2019odeurs par l\u2019adjonction d\u2019un produit traitant dans l\u2019eau de diffusion. <a href=\"http:\/\/www.highpressure.be\/?page_id=104&lang=fr\">...read more ...<\/a><\/div>\n\t\t<\/div><\/div><\/div><div id=\"pgc-55-2-2\"  class=\"panel-grid-cell\" ><div id=\"panel-55-2-2-0\" class=\"so-panel widget widget_text panel-first-child panel-last-child\" data-index=\"7\" ><div class=\"panel-widget-style panel-widget-style-for-55-2-2-0\" ><h3 class=\"widget-title\">Brume esth\u00e9tique<\/h3>\t\t\t<div class=\"textwidget\">La brume d\u00e9corative pour th\u00e9\u00e2traliser les espaces verts, les parcs de loisir. <a href=\"http:\/\/www.highpressure.be\/?page_id=78&lang=fr\">...read more ...<\/a><\/div>\n\t\t<\/div><\/div><\/div><\/div><\/div>","protected":false},"excerpt":{"rendered":"<p>La Brumisation Haute Pression \u00e0 au moins 70 bars permet de diffuser dans l&rsquo;air un liquide sous forme de micro-gouttelettes qui s&rsquo;\u00e9vapore instantan\u00e9ment sans mouiller. &hellip;<\/p>\n","protected":false},"author":1,"featured_media":1111,"parent":0,"menu_order":0,"comment_status":"closed","ping_status":"closed","template":"","meta":{"footnotes":""},"class_list":["post-55","page","type-page","status-publish","has-post-thumbnail","hentry"],"_links":{"self":[{"href":"https:\/\/www.highpressure.be\/index.php?rest_route=\/wp\/v2\/pages\/55","targetHints":{"allow":["GET"]}}],"collection":[{"href":"https:\/\/www.highpressure.be\/index.php?rest_route=\/wp\/v2\/pages"}],"about":[{"href":"https:\/\/www.highpressure.be\/index.php?rest_route=\/wp\/v2\/types\/page"}],"author":[{"embeddable":true,"href":"https:\/\/www.highpressure.be\/index.php?rest_route=\/wp\/v2\/users\/1"}],"replies":[{"embeddable":true,"href":"https:\/\/www.highpressure.be\/index.php?rest_route=%2Fwp%2Fv2%2Fcomments&post=55"}],"version-history":[{"count":45,"href":"https:\/\/www.highpressure.be\/index.php?rest_route=\/wp\/v2\/pages\/55\/revisions"}],"predecessor-version":[{"id":1227,"href":"https:\/\/www.highpressure.be\/index.php?rest_route=\/wp\/v2\/pages\/55\/revisions\/1227"}],"wp:featuredmedia":[{"embeddable":true,"href":"https:\/\/www.highpressure.be\/index.php?rest_route=\/wp\/v2\/media\/1111"}],"wp:attachment":[{"href":"https:\/\/www.highpressure.be\/index.php?rest_route=%2Fwp%2Fv2%2Fmedia&parent=55"}],"curies":[{"name":"wp","href":"https:\/\/api.w.org\/{rel}","templated":true}]}}